{"id":115,"date":"2020-02-28T10:19:16","date_gmt":"2020-02-28T09:19:16","guid":{"rendered":"https:\/\/www.some-home.fr\/?page_id=115"},"modified":"2020-02-28T15:46:06","modified_gmt":"2020-02-28T14:46:06","slug":"s-o-m-e-home","status":"publish","type":"page","link":"https:\/\/www.some-home.fr\/index.php\/s-o-m-e-home\/","title":{"rendered":"S.O.M.E HOME"},"content":{"rendered":"<p>[et_pb_section fb_built=\u00a0\u00bb1&Prime; _builder_version=\u00a0\u00bb4.2.2&Prime;][et_pb_row _builder_version=\u00a0\u00bb4.2.2&Prime;][et_pb_column type=\u00a0\u00bb4_4&Prime; _builder_version=\u00a0\u00bb4.2.2&Prime;][et_pb_image src=\u00a0\u00bbhttps:\/\/www.some-home.fr\/wp-content\/uploads\/2020\/02\/SOME-HOME-_contenus-scaled.jpg\u00a0\u00bb _builder_version=\u00a0\u00bb4.2.2&Prime;][\/et_pb_image][\/et_pb_column][\/et_pb_row][et_pb_row _builder_version=\u00a0\u00bb4.2.2&Prime;][et_pb_column type=\u00a0\u00bb4_4&Prime; _builder_version=\u00a0\u00bb4.2.2&Prime;][et_pb_text _builder_version=\u00a0\u00bb4.2.2&Prime; hover_enabled=\u00a0\u00bb0&Prime;]<\/p>\n<h1>S.O.M.E HOME<\/h1>\n<p>&nbsp;<\/p>\n<p>Cr\u00e9\u00e9 en 2019, et implant\u00e9 \u00e0 Pleuven, S.O.M.E HOME est un cabinet de ma\u00eetrise d\u2019\u0153uvre et assistance ma\u00eetrise d\u2019ouvrage dont l\u2019objectif principal est que votre projet soit \u00ab\u00a0le v\u00f4tre\u00a0\u00bb Votre projet b\u00e9n\u00e9ficie du savoir-faire S.O.M.E HOME et de sa rigueur dans les domaines de la construction, r\u00e9novation et r\u00e9habilitation.<\/p>\n<p><strong>Notre ambition : votre satisfaction <\/strong><\/p>\n<p>Votre satisfaction est notre priorit\u00e9, nous avons 5 points cl\u00e9s pour l\u2019appr\u00e9cier, il s\u2019agit de :<\/p>\n<p>\u2022 Vous \u00e9couter<br \/> \u2022 Vous conseiller<br \/> \u2022 Vous expliquer les options techniques possibles pour votre projet, pour op\u00e9rer ensemble les choix les plus pertinents \/ qui vous correspondent le mieux<br \/> \u2022 Vous informer de vos obligations<br \/> \u2022 Vous guider dans vos d\u00e9marches \u00e0 r\u00e9aliser<br \/> \u2022 Vous garantir un d\u00e9lai d\u2019ex\u00e9cution et surtout : r\u00e9pondre \u00e0 vos attentes tant au niveau esth\u00e9tique que financier<\/p>\n<p>D\u00e9couvrez nos <a href=\"\/index.php\/nos-valeurs\/\">valeurs\u00a0<\/a><\/p>\n<p>[\/et_pb_text][\/et_pb_column][\/et_pb_row][\/et_pb_section]<\/p>\n","protected":false},"excerpt":{"rendered":"<p>S.O.M.E HOME &nbsp; Cr\u00e9\u00e9 en 2019, et implant\u00e9 \u00e0 Pleuven, S.O.M.E HOME est un cabinet de ma\u00eetrise d\u2019\u0153uvre et assistance ma\u00eetrise d\u2019ouvrage dont l\u2019objectif principal est que votre projet soit \u00ab\u00a0le v\u00f4tre\u00a0\u00bb Votre projet b\u00e9n\u00e9ficie du savoir-faire S.O.M.E HOME et de sa rigueur dans les domaines de la construction, r\u00e9novation et r\u00e9habilitation. Notre ambition : [&hellip;]<\/p>\n","protected":false},"author":1,"featured_media":0,"parent":0,"menu_order":0,"comment_status":"closed","ping_status":"closed","template":"","meta":{"_et_pb_use_builder":"on","_et_pb_old_content":"","_et_gb_content_width":"","footnotes":""},"class_list":["post-115","page","type-page","status-publish","hentry"],"_links":{"self":[{"href":"https:\/\/www.some-home.fr\/index.php\/wp-json\/wp\/v2\/pages\/115","targetHints":{"allow":["GET"]}}],"collection":[{"href":"https:\/\/www.some-home.fr\/index.php\/wp-json\/wp\/v2\/pages"}],"about":[{"href":"https:\/\/www.some-home.fr\/index.php\/wp-json\/wp\/v2\/types\/page"}],"author":[{"embeddable":true,"href":"https:\/\/www.some-home.fr\/index.php\/wp-json\/wp\/v2\/users\/1"}],"replies":[{"embeddable":true,"href":"https:\/\/www.some-home.fr\/index.php\/wp-json\/wp\/v2\/comments?post=115"}],"version-history":[{"count":7,"href":"https:\/\/www.some-home.fr\/index.php\/wp-json\/wp\/v2\/pages\/115\/revisions"}],"predecessor-version":[{"id":207,"href":"https:\/\/www.some-home.fr\/index.php\/wp-json\/wp\/v2\/pages\/115\/revisions\/207"}],"wp:attachment":[{"href":"https:\/\/www.some-home.fr\/index.php\/wp-json\/wp\/v2\/media?parent=115"}],"curies":[{"name":"wp","href":"https:\/\/api.w.org\/{rel}","templated":true}]}}