{"id":129,"date":"2020-02-28T10:54:13","date_gmt":"2020-02-28T09:54:13","guid":{"rendered":"https:\/\/www.some-home.fr\/?page_id=129"},"modified":"2020-02-28T11:09:25","modified_gmt":"2020-02-28T10:09:25","slug":"nos-valeurs","status":"publish","type":"page","link":"https:\/\/www.some-home.fr\/index.php\/nos-valeurs\/","title":{"rendered":"Nos valeurs"},"content":{"rendered":"<p>[et_pb_section fb_built=\u00a0\u00bb1&Prime; _builder_version=\u00a0\u00bb4.2.2&Prime;][et_pb_row _builder_version=\u00a0\u00bb4.2.2&Prime;][et_pb_column type=\u00a0\u00bb4_4&Prime; _builder_version=\u00a0\u00bb4.2.2&Prime;][et_pb_image src=\u00a0\u00bbhttps:\/\/www.some-home.fr\/wp-content\/uploads\/2020\/02\/SOME-HOME-_contenus-scaled.jpg\u00a0\u00bb _builder_version=\u00a0\u00bb4.2.2&Prime;][\/et_pb_image][\/et_pb_column][\/et_pb_row][et_pb_row _builder_version=\u00a0\u00bb4.2.2&Prime;][et_pb_column type=\u00a0\u00bb4_4&Prime; _builder_version=\u00a0\u00bb4.2.2&Prime;][et_pb_text _builder_version=\u00a0\u00bb4.2.2&Prime; hover_enabled=\u00a0\u00bb0&Prime;]<\/p>\n<h1>Nos valeurs<\/h1>\n<p>&nbsp;<\/p>\n<p><strong> S comme Suivi : <\/strong><\/p>\n<p>\u2022 Suivi technique par le respect des r\u00e8gles de construction,<br \/>\n\u2022 Suivi relationnel entre les diff\u00e9rents interlocuteurs : ma\u00eetrise d\u2019\u0153uvre \/ client et ma\u00eetrise d\u2019\u0153uvre \/ entreprises,<br \/>\n\u2022 Suivi budg\u00e9taire afin de veiller \u00e0 l\u2019enveloppe financi\u00e8re fix\u00e9e par le client,<br \/>\n\u2022 Suivi de planning pour que la date d livraison de chantier soit respect\u00e9e.<\/p>\n<p><strong>O comme Organisation : <\/strong><\/p>\n<p>\u2022 Organisation interne dont l\u2019objectif est d\u2019optimiser, d\u2019anticiper, d\u2019apporter des solutions,<br \/>\n\u2022 Organisation chantier, gr\u00e2ce \u00e0 un savoir-faire, une exp\u00e9rience, une rigueur et un dialogue constant entre les diff\u00e9rents intervenants.<\/p>\n<p><strong>M comme Ma\u00eetrise : <\/strong><\/p>\n<p>\u2022 Ma\u00eetrise des plans, des \u00e9tudes,<br \/>\n\u2022 Ma\u00eetrise des suivis, des entreprises pr\u00e9sentes sur le chantier,<br \/>\n\u2022 Ma\u00eetrise des co\u00fbts,<br \/>\n\u2022 Ma\u00eetrise du temps, S.O.M.E HOME s\u2019engage sur tous les aspects de votre projet : il est le garant du bon d\u00e9roul\u00e9 de vos travaux que ce soit au niveau technique, relationnel, budg\u00e9taire ou des d\u00e9lais.<\/p>\n<p><strong>E comme \u00e9tude : <\/strong><\/p>\n<p>\u2022 L\u2019\u00e9tude de projet se construit sur la base d\u2019un dialogue entre vous et S.O.M.E HOME.<\/p>\n<p>Nous sommes \u00e0 votre \u00e9coute, nous vous conseillons en respectant vos souhaits. Cette \u00e9tude respecte \u00e9galement l\u2019environnement et les contraintes existantes autour de votre projet (voiries, r\u00e8gles de construction, contraintes financi\u00e8res). S.O.M.E HOME est l\u00e0 pour vous apporter des solutions avant, pendant et apr\u00e8s la r\u00e9alisation de vos projets, gr\u00e2ce \u00e0 sa rigueur et son exp\u00e9rience terrain.[\/et_pb_text][\/et_pb_column][\/et_pb_row][\/et_pb_section]<\/p>\n","protected":false},"excerpt":{"rendered":"<p>Nos valeurs &nbsp; S comme Suivi : \u2022 Suivi technique par le respect des r\u00e8gles de construction, \u2022 Suivi relationnel entre les diff\u00e9rents interlocuteurs : ma\u00eetrise d\u2019\u0153uvre \/ client et ma\u00eetrise d\u2019\u0153uvre \/ entreprises, \u2022 Suivi budg\u00e9taire afin de veiller \u00e0 l\u2019enveloppe financi\u00e8re fix\u00e9e par le client, \u2022 Suivi de planning pour que la date [&hellip;]<\/p>\n","protected":false},"author":1,"featured_media":0,"parent":0,"menu_order":0,"comment_status":"closed","ping_status":"closed","template":"","meta":{"_et_pb_use_builder":"on","_et_pb_old_content":"","_et_gb_content_width":"","footnotes":""},"class_list":["post-129","page","type-page","status-publish","hentry"],"_links":{"self":[{"href":"https:\/\/www.some-home.fr\/index.php\/wp-json\/wp\/v2\/pages\/129","targetHints":{"allow":["GET"]}}],"collection":[{"href":"https:\/\/www.some-home.fr\/index.php\/wp-json\/wp\/v2\/pages"}],"about":[{"href":"https:\/\/www.some-home.fr\/index.php\/wp-json\/wp\/v2\/types\/page"}],"author":[{"embeddable":true,"href":"https:\/\/www.some-home.fr\/index.php\/wp-json\/wp\/v2\/users\/1"}],"replies":[{"embeddable":true,"href":"https:\/\/www.some-home.fr\/index.php\/wp-json\/wp\/v2\/comments?post=129"}],"version-history":[{"count":2,"href":"https:\/\/www.some-home.fr\/index.php\/wp-json\/wp\/v2\/pages\/129\/revisions"}],"predecessor-version":[{"id":132,"href":"https:\/\/www.some-home.fr\/index.php\/wp-json\/wp\/v2\/pages\/129\/revisions\/132"}],"wp:attachment":[{"href":"https:\/\/www.some-home.fr\/index.php\/wp-json\/wp\/v2\/media?parent=129"}],"curies":[{"name":"wp","href":"https:\/\/api.w.org\/{rel}","templated":true}]}}