{"id":139,"date":"2020-02-28T11:18:04","date_gmt":"2020-02-28T10:18:04","guid":{"rendered":"https:\/\/www.some-home.fr\/?page_id=139"},"modified":"2020-02-28T11:21:45","modified_gmt":"2020-02-28T10:21:45","slug":"notre-reseau","status":"publish","type":"page","link":"https:\/\/www.some-home.fr\/index.php\/notre-reseau\/","title":{"rendered":"Notre r\u00e9seau"},"content":{"rendered":"<p>[et_pb_section fb_built=\u00a0\u00bb1&Prime; _builder_version=\u00a0\u00bb4.2.2&Prime;][et_pb_row _builder_version=\u00a0\u00bb4.2.2&Prime;][et_pb_column type=\u00a0\u00bb4_4&Prime; _builder_version=\u00a0\u00bb4.2.2&Prime;][et_pb_image src=\u00a0\u00bbhttps:\/\/www.some-home.fr\/wp-content\/uploads\/2020\/02\/SOME-HOME-_contenus-scaled.jpg\u00a0\u00bb _builder_version=\u00a0\u00bb4.2.2&Prime;][\/et_pb_image][\/et_pb_column][\/et_pb_row][et_pb_row _builder_version=\u00a0\u00bb4.2.2&Prime;][et_pb_column type=\u00a0\u00bb4_4&Prime; _builder_version=\u00a0\u00bb4.2.2&Prime;][et_pb_text _builder_version=\u00a0\u00bb4.2.2&Prime; hover_enabled=\u00a0\u00bb0&Prime;]<\/p>\n<h1>Notre r\u00e9seau<\/h1>\n<p>&nbsp;<\/p>\n<p>S.O.M.E HOME dispose d\u2019un panel d\u2019entreprises et de professionnels du b\u00e2timent qui peuvent \u00eatre consult\u00e9s pour r\u00e9pondre \u00e0 votre projet depuis la phase de conception jusqu\u2019\u00e0 la phase de finition en passant par le gros \u0153uvre.<\/p>\n<p>S.O.ME HOME pr\u00e9-s\u00e9lectionne les entreprises qui seront sollicit\u00e9es en fonction de leur ad\u00e9quation avec votre projet, aussi bien sur le plan technique qu\u2019au niveau du planning.<\/p>\n<p>Les entreprises engag\u00e9es par S.O.M.E HOME pour r\u00e9aliser votre projet b\u00e9n\u00e9ficient des assurances et garanties souscrites par S.O.M.E HOME (garantie d\u00e9cennale, assurance d\u2019exploitation et responsabilit\u00e9 civile professionnelle).<\/p>\n<p>A chaque \u00e9tape de votre projet, et selon ses caract\u00e9ristiques, S.O.M.E HOME consulte les professionnels dont vous avez besoin : depuis les concepteurs jusqu\u2019\u00e0 l\u2019agencement int\u00e9rieur, en passant pas les diff\u00e9rents corps de m\u00e9tiers n\u00e9cessaires \u00e0 la r\u00e9ussite de votre projet.<\/p>\n<p><strong>Conception :<\/strong> dessinateurs ind\u00e9pendants, architectes dplg et architectes d\u2019int\u00e9rieurs<\/p>\n<p><strong>R\u00e9alisation du hors d\u2019eau hors d\u2019air :<\/strong> terrassement des fondations, gros \u0153uvre\/ma\u00e7onnerie , enduit, charpente, couverture, menuiserie ext\u00e9rieures, assainissement<\/p>\n<p><strong>Second \u0153uvre :<\/strong> \u00e9lectricit\u00e9, plomberie, chauffage, cloisons s\u00e8ches\/pl\u00e2trerie, isolation, menuiseries int\u00e9rieures, carrelage\/fa\u00efence, rev\u00eatement de sol, peinture<\/p>\n<p><strong>Agencement :<\/strong> cuisine, am\u00e9nagement de placard, biblioth\u00e8que, t\u00eate de lit, meuble de salle de bain, verri\u00e8re, cloison atelier\u2026<\/p>\n<p><strong>Am\u00e9nagement ext\u00e9rieur :<\/strong> portail, mur de cl\u00f4ture , muret en pierre claustra, pav\u00e9s , enrob\u00e9s, terrasse ext\u00e9rieure en bois, carrelage, mat\u00e9riaux composites\u2026<\/p>\n<p>[\/et_pb_text][\/et_pb_column][\/et_pb_row][\/et_pb_section]<\/p>\n","protected":false},"excerpt":{"rendered":"<p>Notre r\u00e9seau &nbsp; S.O.M.E HOME dispose d\u2019un panel d\u2019entreprises et de professionnels du b\u00e2timent qui peuvent \u00eatre consult\u00e9s pour r\u00e9pondre \u00e0 votre projet depuis la phase de conception jusqu\u2019\u00e0 la phase de finition en passant par le gros \u0153uvre. S.O.ME HOME pr\u00e9-s\u00e9lectionne les entreprises qui seront sollicit\u00e9es en fonction de leur ad\u00e9quation avec votre projet, [&hellip;]<\/p>\n","protected":false},"author":1,"featured_media":0,"parent":0,"menu_order":0,"comment_status":"closed","ping_status":"closed","template":"","meta":{"_et_pb_use_builder":"on","_et_pb_old_content":"","_et_gb_content_width":"","footnotes":""},"class_list":["post-139","page","type-page","status-publish","hentry"],"_links":{"self":[{"href":"https:\/\/www.some-home.fr\/index.php\/wp-json\/wp\/v2\/pages\/139","targetHints":{"allow":["GET"]}}],"collection":[{"href":"https:\/\/www.some-home.fr\/index.php\/wp-json\/wp\/v2\/pages"}],"about":[{"href":"https:\/\/www.some-home.fr\/index.php\/wp-json\/wp\/v2\/types\/page"}],"author":[{"embeddable":true,"href":"https:\/\/www.some-home.fr\/index.php\/wp-json\/wp\/v2\/users\/1"}],"replies":[{"embeddable":true,"href":"https:\/\/www.some-home.fr\/index.php\/wp-json\/wp\/v2\/comments?post=139"}],"version-history":[{"count":2,"href":"https:\/\/www.some-home.fr\/index.php\/wp-json\/wp\/v2\/pages\/139\/revisions"}],"predecessor-version":[{"id":142,"href":"https:\/\/www.some-home.fr\/index.php\/wp-json\/wp\/v2\/pages\/139\/revisions\/142"}],"wp:attachment":[{"href":"https:\/\/www.some-home.fr\/index.php\/wp-json\/wp\/v2\/media?parent=139"}],"curies":[{"name":"wp","href":"https:\/\/api.w.org\/{rel}","templated":true}]}}