{"id":151,"date":"2020-02-28T11:35:58","date_gmt":"2020-02-28T10:35:58","guid":{"rendered":"https:\/\/www.some-home.fr\/?page_id=151"},"modified":"2020-03-12T10:00:32","modified_gmt":"2020-03-12T09:00:32","slug":"optimisation-des-couts","status":"publish","type":"page","link":"https:\/\/www.some-home.fr\/index.php\/optimisation-des-couts\/","title":{"rendered":"Optimisation des co\u00fbts"},"content":{"rendered":"<p>[et_pb_section fb_built=\u00a0\u00bb1&Prime; _builder_version=\u00a0\u00bb4.2.2&Prime;][et_pb_row _builder_version=\u00a0\u00bb4.2.2&Prime;][et_pb_column type=\u00a0\u00bb4_4&Prime; _builder_version=\u00a0\u00bb4.2.2&Prime;][et_pb_image src=\u00a0\u00bbhttps:\/\/www.some-home.fr\/wp-content\/uploads\/2020\/03\/maitrise-des-couts-1.jpg\u00a0\u00bb _builder_version=\u00a0\u00bb4.2.2&Prime; hover_enabled=\u00a0\u00bb0&Prime;][\/et_pb_image][\/et_pb_column][\/et_pb_row][et_pb_row _builder_version=\u00a0\u00bb4.2.2&Prime;][et_pb_column type=\u00a0\u00bb4_4&Prime; _builder_version=\u00a0\u00bb4.2.2&Prime;][et_pb_text _builder_version=\u00a0\u00bb4.2.2&Prime;]<\/p>\n<h1>Optimisation des co\u00fbts<\/h1>\n<p>&nbsp;<\/p>\n<p>Apr\u00e8s avoir \u00e9tudi\u00e9 <a href=\"\/index.php\/etude-de-votre-projet\/\">votre projet<\/a>, S.O.M.E HOME concentre son \u00e9tude sur les co\u00fbts de r\u00e9alisation. A ce stade, S.O.M.E HOME anticipe les questions des entrepreneurs qui interviendront sur votre chantier et vous aide \u00e0 pr\u00e9ciser votre projet afin d\u2019obtenir l\u2019enveloppe budg\u00e9taire la plus pr\u00e9cise possible.<\/p>\n<p>L\u2019\u00e9tude des co\u00fbts de votre projet de construction ou de transformation comprend :<\/p>\n<p>\u2022 la cr\u00e9ation du dossier descriptif complet des travaux (plans + dossier de consultation des entreprises),<br \/> \u2022 la constitution de l\u2019appel d\u2019offres permettant de consulter les entreprises de chaque corps d\u2019\u00e9tat, sur la base de crit\u00e8res identiques,<br \/> \u2022 la synth\u00e8se des offres et la pr\u00e9sentation des diff\u00e9rents devis et du budget total au client,<br \/> \u2022 la r\u00e9union vous permettant de choisir les entreprises retenues, car c\u2019est bien vous qui restez ma\u00eetre dans le choix des entreprises finalement retenues pour la r\u00e9alisation de vos travaux.<\/p>\n<p><strong>Vous avez une question par rapport aux travaux que vous envisagez ? <a href=\"\/index.php\/contact\/\">Contactez-nous<\/a><\/strong><strong>.<\/strong><\/p>\n<p>[\/et_pb_text][\/et_pb_column][\/et_pb_row][\/et_pb_section]<\/p>\n","protected":false},"excerpt":{"rendered":"<p>Optimisation des co\u00fbts &nbsp; Apr\u00e8s avoir \u00e9tudi\u00e9 votre projet, S.O.M.E HOME concentre son \u00e9tude sur les co\u00fbts de r\u00e9alisation. A ce stade, S.O.M.E HOME anticipe les questions des entrepreneurs qui interviendront sur votre chantier et vous aide \u00e0 pr\u00e9ciser votre projet afin d\u2019obtenir l\u2019enveloppe budg\u00e9taire la plus pr\u00e9cise possible. L\u2019\u00e9tude des co\u00fbts de votre projet [&hellip;]<\/p>\n","protected":false},"author":1,"featured_media":0,"parent":0,"menu_order":0,"comment_status":"closed","ping_status":"closed","template":"","meta":{"_et_pb_use_builder":"on","_et_pb_old_content":"","_et_gb_content_width":"","footnotes":""},"class_list":["post-151","page","type-page","status-publish","hentry"],"_links":{"self":[{"href":"https:\/\/www.some-home.fr\/index.php\/wp-json\/wp\/v2\/pages\/151","targetHints":{"allow":["GET"]}}],"collection":[{"href":"https:\/\/www.some-home.fr\/index.php\/wp-json\/wp\/v2\/pages"}],"about":[{"href":"https:\/\/www.some-home.fr\/index.php\/wp-json\/wp\/v2\/types\/page"}],"author":[{"embeddable":true,"href":"https:\/\/www.some-home.fr\/index.php\/wp-json\/wp\/v2\/users\/1"}],"replies":[{"embeddable":true,"href":"https:\/\/www.some-home.fr\/index.php\/wp-json\/wp\/v2\/comments?post=151"}],"version-history":[{"count":6,"href":"https:\/\/www.some-home.fr\/index.php\/wp-json\/wp\/v2\/pages\/151\/revisions"}],"predecessor-version":[{"id":289,"href":"https:\/\/www.some-home.fr\/index.php\/wp-json\/wp\/v2\/pages\/151\/revisions\/289"}],"wp:attachment":[{"href":"https:\/\/www.some-home.fr\/index.php\/wp-json\/wp\/v2\/media?parent=151"}],"curies":[{"name":"wp","href":"https:\/\/api.w.org\/{rel}","templated":true}]}}