{"id":157,"date":"2020-02-28T11:45:08","date_gmt":"2020-02-28T10:45:08","guid":{"rendered":"https:\/\/www.some-home.fr\/?page_id=157"},"modified":"2020-03-09T13:19:56","modified_gmt":"2020-03-09T12:19:56","slug":"suivi-de-chantier","status":"publish","type":"page","link":"https:\/\/www.some-home.fr\/index.php\/suivi-de-chantier\/","title":{"rendered":"Suivi de chantier"},"content":{"rendered":"<p>[et_pb_section fb_built=\u00a0\u00bb1&Prime; _builder_version=\u00a0\u00bb4.2.2&Prime;][et_pb_row _builder_version=\u00a0\u00bb4.2.2&Prime;][et_pb_column type=\u00a0\u00bb4_4&Prime; _builder_version=\u00a0\u00bb4.2.2&Prime;][et_pb_image src=\u00a0\u00bbhttps:\/\/www.some-home.fr\/wp-content\/uploads\/2020\/03\/suivi-de-chantier.jpg\u00a0\u00bb _builder_version=\u00a0\u00bb4.2.2&Prime; hover_enabled=\u00a0\u00bb0&Prime;][\/et_pb_image][\/et_pb_column][\/et_pb_row][et_pb_row _builder_version=\u00a0\u00bb4.2.2&Prime;][et_pb_column type=\u00a0\u00bb4_4&Prime; _builder_version=\u00a0\u00bb4.2.2&Prime;][et_pb_text _builder_version=\u00a0\u00bb4.2.2&Prime;]<\/p>\n<h1>Suivi de chantier<\/h1>\n<p>&nbsp;<\/p>\n<p>S.O.M.E HOME assure le suivi et la coordination de votre projet avec les diff\u00e9rentes entreprises intervenant sur votre chantier.<\/p>\n<p>Cette coordination se d\u00e9roule \u00e0 3 niveaux :<br \/> \u2022 l\u2019organisation du chantier, via un planning pr\u00e9visionnel transmis \u00e0 la fois aux entreprises et au client<br \/> \u2022 le dialogue avec les entreprises,<br \/> \u2022 la v\u00e9rification du bon d\u00e9roul\u00e9 du chantier,<br \/> \u2022 l\u2019organisation de visite et r\u00e9union de chantier avec les diff\u00e9rents intervenants.<\/p>\n<p>Ainsi S.O.M.E HOME vous garantit :<br \/> \u2022 le respect de votre projet et des plans valid\u00e9s ensemble,<br \/> \u2022 le respect des normes,<br \/> \u2022 le respect de la mise en \u0153uvre,<br \/> \u2022 le respect des d\u00e9lais d\u2019intervention,<br \/> \u2022 un travail d\u2019\u00e9quipe,<br \/> \u2022 un seul interlocuteur qui est l\u2019interm\u00e9diaire entre vous et les entreprises.<\/p>\n<p><strong>Vous souhaitez en savoir plus ? <a href=\"\/index.php\/contact\/\">Contactez-nous<\/a>.<\/strong><\/p>\n<p>[\/et_pb_text][\/et_pb_column][\/et_pb_row][\/et_pb_section]<\/p>\n","protected":false},"excerpt":{"rendered":"<p>Suivi de chantier &nbsp; S.O.M.E HOME assure le suivi et la coordination de votre projet avec les diff\u00e9rentes entreprises intervenant sur votre chantier. Cette coordination se d\u00e9roule \u00e0 3 niveaux : \u2022 l\u2019organisation du chantier, via un planning pr\u00e9visionnel transmis \u00e0 la fois aux entreprises et au client \u2022 le dialogue avec les entreprises, \u2022 [&hellip;]<\/p>\n","protected":false},"author":1,"featured_media":0,"parent":0,"menu_order":0,"comment_status":"closed","ping_status":"closed","template":"","meta":{"_et_pb_use_builder":"on","_et_pb_old_content":"","_et_gb_content_width":"","footnotes":""},"class_list":["post-157","page","type-page","status-publish","hentry"],"_links":{"self":[{"href":"https:\/\/www.some-home.fr\/index.php\/wp-json\/wp\/v2\/pages\/157","targetHints":{"allow":["GET"]}}],"collection":[{"href":"https:\/\/www.some-home.fr\/index.php\/wp-json\/wp\/v2\/pages"}],"about":[{"href":"https:\/\/www.some-home.fr\/index.php\/wp-json\/wp\/v2\/types\/page"}],"author":[{"embeddable":true,"href":"https:\/\/www.some-home.fr\/index.php\/wp-json\/wp\/v2\/users\/1"}],"replies":[{"embeddable":true,"href":"https:\/\/www.some-home.fr\/index.php\/wp-json\/wp\/v2\/comments?post=157"}],"version-history":[{"count":5,"href":"https:\/\/www.some-home.fr\/index.php\/wp-json\/wp\/v2\/pages\/157\/revisions"}],"predecessor-version":[{"id":269,"href":"https:\/\/www.some-home.fr\/index.php\/wp-json\/wp\/v2\/pages\/157\/revisions\/269"}],"wp:attachment":[{"href":"https:\/\/www.some-home.fr\/index.php\/wp-json\/wp\/v2\/media?parent=157"}],"curies":[{"name":"wp","href":"https:\/\/api.w.org\/{rel}","templated":true}]}}