{"id":169,"date":"2020-02-28T11:58:41","date_gmt":"2020-02-28T10:58:41","guid":{"rendered":"https:\/\/www.some-home.fr\/?page_id=169"},"modified":"2020-05-18T15:19:08","modified_gmt":"2020-05-18T13:19:08","slug":"construction-neuve","status":"publish","type":"page","link":"https:\/\/www.some-home.fr\/index.php\/construction-neuve\/","title":{"rendered":"Construction neuve"},"content":{"rendered":"<p>[et_pb_section fb_built=\u00a0\u00bb1&Prime; _builder_version=\u00a0\u00bb4.2.2&Prime;][et_pb_row _builder_version=\u00a0\u00bb4.2.2&Prime; custom_margin=\u00a0\u00bb30px||||false|false\u00a0\u00bb][et_pb_column type=\u00a0\u00bb4_4&Prime; _builder_version=\u00a0\u00bb4.2.2&Prime;][et_pb_text _builder_version=\u00a0\u00bb4.2.2&Prime;]<\/p>\n<h1>Construction neuve<\/h1>\n<p>&nbsp;<\/p>\n<p>S.O.M.E HOME r\u00e9alise votre projet de construction neuve : en relation avec des architectes, dessinateurs ind\u00e9pendants, nous vous proposons des projets en ad\u00e9quation avec vos souhaits.<\/p>\n<p>D\u00e9couvrez nos r\u00e9alisations.<\/p>\n<p>[\/et_pb_text][\/et_pb_column][\/et_pb_row][et_pb_row _builder_version=\u00a0\u00bb4.2.2&Prime;][et_pb_column _builder_version=\u00a0\u00bb4.2.2&Prime; type=\u00a0\u00bb4_4&Prime;][et_pb_gallery _builder_version=\u00a0\u00bb4.2.2&Prime; gallery_ids=\u00a0\u00bb316,317,318,319,320,322,323,324,321&Prime; show_title_and_caption=\u00a0\u00bboff\u00a0\u00bb hover_enabled=\u00a0\u00bb0&Prime;][\/et_pb_gallery][\/et_pb_column][\/et_pb_row][et_pb_row _builder_version=\u00a0\u00bb4.2.2&Prime;][et_pb_column _builder_version=\u00a0\u00bb4.2.2&Prime; type=\u00a0\u00bb4_4&Prime;][et_pb_gallery _builder_version=\u00a0\u00bb4.2.2&Prime; gallery_ids=\u00a0\u00bb327,328,329,330,331,332,333,334,335,336&Prime; show_title_and_caption=\u00a0\u00bboff\u00a0\u00bb hover_enabled=\u00a0\u00bb0&Prime;][\/et_pb_gallery][\/et_pb_column][\/et_pb_row][et_pb_row _builder_version=\u00a0\u00bb4.2.2&Prime;][et_pb_column _builder_version=\u00a0\u00bb4.2.2&Prime; type=\u00a0\u00bb4_4&Prime;][et_pb_gallery _builder_version=\u00a0\u00bb4.2.2&Prime; gallery_ids=\u00a0\u00bb339,340,341,342,343,344,345&Prime; show_title_and_caption=\u00a0\u00bboff\u00a0\u00bb hover_enabled=\u00a0\u00bb0&Prime;][\/et_pb_gallery][\/et_pb_column][\/et_pb_row][et_pb_row _builder_version=\u00a0\u00bb4.2.2&Prime;][et_pb_column _builder_version=\u00a0\u00bb4.2.2&Prime; type=\u00a0\u00bb4_4&Prime;][et_pb_gallery _builder_version=\u00a0\u00bb4.2.2&Prime; gallery_ids=\u00a0\u00bb348,349,350,351,352,353&Prime; show_title_and_caption=\u00a0\u00bboff\u00a0\u00bb hover_enabled=\u00a0\u00bb0&Prime;][\/et_pb_gallery][\/et_pb_column][\/et_pb_row][et_pb_row _builder_version=\u00a0\u00bb4.2.2&Prime;][et_pb_column type=\u00a0\u00bb4_4&Prime; _builder_version=\u00a0\u00bb4.2.2&Prime;][et_pb_text _builder_version=\u00a0\u00bb4.2.2&Prime;]<\/p>\n<p><strong>Vous avez un projet qui ne ressemble \u00e0 aucun autre ? <a href=\"\/index.php\/contact\/\">Contactez-nous\u00a0<\/a><\/strong><\/p>\n<p>[\/et_pb_text][\/et_pb_column][\/et_pb_row][\/et_pb_section]<\/p>\n","protected":false},"excerpt":{"rendered":"<p>Construction neuve &nbsp; S.O.M.E HOME r\u00e9alise votre projet de construction neuve : en relation avec des architectes, dessinateurs ind\u00e9pendants, nous vous proposons des projets en ad\u00e9quation avec vos souhaits. D\u00e9couvrez nos r\u00e9alisations.Vous avez un projet qui ne ressemble \u00e0 aucun autre ? Contactez-nous\u00a0<\/p>\n","protected":false},"author":1,"featured_media":0,"parent":0,"menu_order":0,"comment_status":"closed","ping_status":"closed","template":"","meta":{"_et_pb_use_builder":"on","_et_pb_old_content":"","_et_gb_content_width":"","footnotes":""},"class_list":["post-169","page","type-page","status-publish","hentry"],"_links":{"self":[{"href":"https:\/\/www.some-home.fr\/index.php\/wp-json\/wp\/v2\/pages\/169","targetHints":{"allow":["GET"]}}],"collection":[{"href":"https:\/\/www.some-home.fr\/index.php\/wp-json\/wp\/v2\/pages"}],"about":[{"href":"https:\/\/www.some-home.fr\/index.php\/wp-json\/wp\/v2\/types\/page"}],"author":[{"embeddable":true,"href":"https:\/\/www.some-home.fr\/index.php\/wp-json\/wp\/v2\/users\/1"}],"replies":[{"embeddable":true,"href":"https:\/\/www.some-home.fr\/index.php\/wp-json\/wp\/v2\/comments?post=169"}],"version-history":[{"count":11,"href":"https:\/\/www.some-home.fr\/index.php\/wp-json\/wp\/v2\/pages\/169\/revisions"}],"predecessor-version":[{"id":354,"href":"https:\/\/www.some-home.fr\/index.php\/wp-json\/wp\/v2\/pages\/169\/revisions\/354"}],"wp:attachment":[{"href":"https:\/\/www.some-home.fr\/index.php\/wp-json\/wp\/v2\/media?parent=169"}],"curies":[{"name":"wp","href":"https:\/\/api.w.org\/{rel}","templated":true}]}}