{"id":2,"date":"2020-01-29T10:41:41","date_gmt":"2020-01-29T09:41:41","guid":{"rendered":"https:\/\/www.some-home.fr\/?page_id=2"},"modified":"2020-04-20T07:57:35","modified_gmt":"2020-04-20T05:57:35","slug":"page-d-exemple","status":"publish","type":"page","link":"https:\/\/www.some-home.fr\/","title":{"rendered":"Accueil"},"content":{"rendered":"<p>[et_pb_section fb_built=\u00a0\u00bb1&Prime; _builder_version=\u00a0\u00bb3.22&Prime; saved_tabs=\u00a0\u00bball\u00a0\u00bb][et_pb_row _builder_version=\u00a0\u00bb4.2.2&Prime;][et_pb_column type=\u00a0\u00bb4_4&Prime; _builder_version=\u00a0\u00bb4.2.2&Prime;][et_pb_slider _builder_version=\u00a0\u00bb4.2.2&Prime; body_font_size=\u00a0\u00bb30px\u00a0\u00bb text_orientation=\u00a0\u00bbleft\u00a0\u00bb custom_margin=\u00a0\u00bb||||false|false\u00a0\u00bb custom_padding=\u00a0\u00bb90px||||false|false\u00a0\u00bb hover_enabled=\u00a0\u00bb0&Prime;][et_pb_slide heading=\u00a0\u00bbVous rencontrer\u00a0\u00bb _builder_version=\u00a0\u00bb4.2.2&Prime; body_font_size=\u00a0\u00bb30px\u00a0\u00bb hover_enabled=\u00a0\u00bb0&Prime; button_text__hover_enabled=\u00a0\u00bboff|desktop\u00a0\u00bb background_image=\u00a0\u00bbhttps:\/\/www.some-home.fr\/wp-content\/uploads\/2020\/04\/3.jpg\u00a0\u00bb background_enable_image=\u00a0\u00bbon\u00a0\u00bb]<\/p>\n<p>Et d\u00e9finir votre projet<\/p>\n<p>[\/et_pb_slide][et_pb_slide heading=\u00a0\u00bbSuivre votre chantier\u00a0\u00bb _builder_version=\u00a0\u00bb4.2.2&Prime; body_font_size=\u00a0\u00bb30px\u00a0\u00bb background_image=\u00a0\u00bbhttps:\/\/www.some-home.fr\/wp-content\/uploads\/2020\/03\/suivi-de-chantier.jpg\u00a0\u00bb background_enable_image=\u00a0\u00bbon\u00a0\u00bb hover_enabled=\u00a0\u00bb0&Prime;]<\/p>\n<p>et coordonner les intervenants<\/p>\n<p>[\/et_pb_slide][et_pb_slide heading=\u00a0\u00bbVous conseiller\u00a0\u00bb _builder_version=\u00a0\u00bb4.2.2&Prime; header_text_color=\u00a0\u00bb#071d3f\u00a0\u00bb body_text_color=\u00a0\u00bb#071d3f\u00a0\u00bb body_font_size=\u00a0\u00bb30px\u00a0\u00bb background_image=\u00a0\u00bbhttps:\/\/www.some-home.fr\/wp-content\/uploads\/2020\/03\/maitrise-des-couts-1.jpg\u00a0\u00bb background_enable_image=\u00a0\u00bbon\u00a0\u00bb]<\/p>\n<p>et optimiser votre budget<\/p>\n<p>[\/et_pb_slide][\/et_pb_slider][\/et_pb_column][\/et_pb_row][et_pb_row _builder_version=\u00a0\u00bb3.25&Prime; background_size=\u00a0\u00bbinitial\u00a0\u00bb background_position=\u00a0\u00bbtop_left\u00a0\u00bb background_repeat=\u00a0\u00bbrepeat\u00a0\u00bb custom_padding=\u00a0\u00bb||4px|||\u00a0\u00bb][et_pb_column type=\u00a0\u00bb4_4&Prime; _builder_version=\u00a0\u00bb3.25&Prime; custom_padding=\u00a0\u00bb|||\u00a0\u00bb custom_padding__hover=\u00a0\u00bb|||\u00a0\u00bb][et_pb_text _builder_version=\u00a0\u00bb4.2.2&Prime; background_size=\u00a0\u00bbinitial\u00a0\u00bb background_position=\u00a0\u00bbtop_left\u00a0\u00bb background_repeat=\u00a0\u00bbrepeat\u00a0\u00bb]<\/p>\n<h1>S.O.M.E HOME, votre ma\u00eetre d\u2019&oelig;uvre assistant ma\u00eetrise d\u2019ouvrage en Finist\u00e8re sud<\/h1>\n<p>Construction, r\u00e9novation, extension, r\u00e9habilitation, S.O.M.E HOME vous accompagne pour r\u00e9aliser tous vos projets d\u2019habitat : depuis l\u2019\u00e9tude des plans, jusqu\u2019\u00e0 la r\u00e9ception de l\u2019ouvrage.<\/p>\n<p>S.O.M.E HOME c\u2019est une r\u00e9ponse sur mesure, conforme \u00e0 vos attentes, qui vous apporte ses conseils pour optimiser vos espaces et son exp\u00e9rience de pr\u00e8s de 20 ans en conduite de travaux.<\/p>\n<p>S.O.M.E HOME intervient depuis Pleuven sur tous vos projets d\u2019habitation situ\u00e9s en Finist\u00e8re sud : de Quimperl\u00e9 \u00e0 Pont L\u2019Abb\u00e9 (pays Bigouden), en passant par Concarneau, B\u00e9nodet, Fouesnant, Quimper et alentours.<\/p>\n<p>&nbsp;<\/p>\n<p>[\/et_pb_text][\/et_pb_column][\/et_pb_row][et_pb_row _builder_version=\u00a0\u00bb4.2.2&Prime; custom_padding=\u00a0\u00bb4px|||||\u00a0\u00bb][et_pb_column type=\u00a0\u00bb4_4&Prime; _builder_version=\u00a0\u00bb4.2.2&Prime;][et_pb_text _builder_version=\u00a0\u00bb4.2.2&Prime;]<\/p>\n<h1>Ce que S.O.M.E HOME r\u00e9alise pour vous<\/h1>\n<p>[\/et_pb_text][\/et_pb_column][\/et_pb_row][et_pb_row column_structure=\u00a0\u00bb1_4,1_4,1_4,1_4&Prime; _builder_version=\u00a0\u00bb4.2.2&Prime;][et_pb_column type=\u00a0\u00bb1_4&Prime; _builder_version=\u00a0\u00bb4.2.2&Prime;][et_pb_image src=\u00a0\u00bbhttps:\/\/www.some-home.fr\/wp-content\/uploads\/2020\/01\/picto-etude.png\u00a0\u00bb url=\u00a0\u00bb\/index.php\/etude-de-votre-projet\/\u00a0\u00bb align=\u00a0\u00bbcenter\u00a0\u00bb module_id=\u00a0\u00bbimg\u00a0\u00bb _builder_version=\u00a0\u00bb4.2.2&Prime; animation_style=\u00a0\u00bbfade\u00a0\u00bb][\/et_pb_image][et_pb_text _builder_version=\u00a0\u00bb4.2.2&Prime;]<\/p>\n<h2 style=\"text-align: center;\">\u00c9TUDE<br \/>de votre projet<\/h2>\n<p>[\/et_pb_text][\/et_pb_column][et_pb_column type=\u00a0\u00bb1_4&Prime; _builder_version=\u00a0\u00bb4.2.2&Prime;][et_pb_image src=\u00a0\u00bbhttps:\/\/www.some-home.fr\/wp-content\/uploads\/2020\/01\/picto-optimisation.png\u00a0\u00bb url=\u00a0\u00bb\/index.php\/optimisation-des-couts\/\u00a0\u00bb align=\u00a0\u00bbcenter\u00a0\u00bb module_id=\u00a0\u00bbimg\u00a0\u00bb _builder_version=\u00a0\u00bb4.2.2&Prime; animation_style=\u00a0\u00bbfade\u00a0\u00bb][\/et_pb_image][et_pb_text _builder_version=\u00a0\u00bb4.2.2&Prime;]<\/p>\n<h2 style=\"text-align: center;\">OPTIMISATION<br \/> des co\u00fbts<\/h2>\n<p>[\/et_pb_text][\/et_pb_column][et_pb_column type=\u00a0\u00bb1_4&Prime; _builder_version=\u00a0\u00bb4.2.2&Prime;][et_pb_image src=\u00a0\u00bbhttps:\/\/www.some-home.fr\/wp-content\/uploads\/2020\/01\/picto-suivi.png\u00a0\u00bb url=\u00a0\u00bb\/index.php\/suivi-de-chantier\/\u00a0\u00bb align=\u00a0\u00bbcenter\u00a0\u00bb module_id=\u00a0\u00bbimg\u00a0\u00bb _builder_version=\u00a0\u00bb4.2.2&Prime; animation_style=\u00a0\u00bbfade\u00a0\u00bb][\/et_pb_image][et_pb_text _builder_version=\u00a0\u00bb4.2.2&Prime;]<\/p>\n<h2 style=\"text-align: center;\">SUIVI<br \/>de chantier<\/h2>\n<p>[\/et_pb_text][\/et_pb_column][et_pb_column type=\u00a0\u00bb1_4&Prime; _builder_version=\u00a0\u00bb4.2.2&Prime;][et_pb_image src=\u00a0\u00bbhttps:\/\/www.some-home.fr\/wp-content\/uploads\/2020\/01\/picto-reception.png\u00a0\u00bb url=\u00a0\u00bb\/index.php\/reception-des-travaux\/\u00a0\u00bb align=\u00a0\u00bbcenter\u00a0\u00bb module_id=\u00a0\u00bbimg\u00a0\u00bb _builder_version=\u00a0\u00bb4.2.2&Prime; animation_style=\u00a0\u00bbfade\u00a0\u00bb][\/et_pb_image][et_pb_text _builder_version=\u00a0\u00bb4.2.2&Prime;]<\/p>\n<h2 style=\"text-align: center;\">R\u00c9CEPTION<br \/>des travaux<\/h2>\n<p>[\/et_pb_text][\/et_pb_column][\/et_pb_row][\/et_pb_section]<\/p>\n","protected":false},"excerpt":{"rendered":"<p>Et d\u00e9finir votre projetet coordonner les intervenantset optimiser votre budgetS.O.M.E HOME, votre ma\u00eetre d\u2019&oelig;uvre assistant ma\u00eetrise d\u2019ouvrage en Finist\u00e8re sud Construction, r\u00e9novation, extension, r\u00e9habilitation, S.O.M.E HOME vous accompagne pour r\u00e9aliser tous vos projets d\u2019habitat : depuis l\u2019\u00e9tude des plans, jusqu\u2019\u00e0 la r\u00e9ception de l\u2019ouvrage. S.O.M.E HOME c\u2019est une r\u00e9ponse sur mesure, conforme \u00e0 vos attentes, [&hellip;]<\/p>\n","protected":false},"author":1,"featured_media":0,"parent":0,"menu_order":0,"comment_status":"closed","ping_status":"open","template":"","meta":{"_et_pb_use_builder":"on","_et_pb_old_content":"<!-- wp:paragraph -->\n<p>Ceci est une page d\u2019exemple. C\u2019est diff\u00e9rent d\u2019un article de blog parce qu\u2019elle restera au m\u00eame endroit et appara\u00eetra dans la navigation de votre site (dans la plupart des th\u00e8mes). La plupart des gens commencent par une page \u00ab&nbsp;\u00c0 propos&nbsp;\u00bb qui les pr\u00e9sente aux visiteurs du site. Cela pourrait ressembler \u00e0 quelque chose comme cela&nbsp;:<\/p>\n<!-- \/wp:paragraph -->\n\n<!-- wp:quote -->\n<blockquote class=\"wp-block-quote\"><p>Bonjour&nbsp;! Je suis un m\u00e9canicien qui aspire \u00e0 devenir acteur, et voici mon site. J\u2019habite \u00e0 Bordeaux, j\u2019ai un super chien baptis\u00e9 Russell, et j\u2019aime la vodka-ananas (ainsi qu\u2019\u00eatre surpris par la pluie soudaine lors de longues balades sur la plage au coucher du soleil).<\/p><\/blockquote>\n<!-- \/wp:quote -->\n\n<!-- wp:paragraph -->\n<p>... ou quelque chose comme cela&nbsp;:<\/p>\n<!-- \/wp:paragraph -->\n\n<!-- wp:quote -->\n<blockquote class=\"wp-block-quote\"><p>La soci\u00e9t\u00e9 123 Machin Truc a \u00e9t\u00e9 cr\u00e9\u00e9e en 1971, et n\u2019a cess\u00e9 de proposer au public des machins-trucs de qualit\u00e9 depuis lors. Situ\u00e9e \u00e0 Saint-Remy-en-Bouzemont-Saint-Genest-et-Isson, 123 Machin Truc emploie 2 000 personnes, et fabrique toutes sortes de bidules super pour la communaut\u00e9 bouzemontoise.<\/p><\/blockquote>\n<!-- \/wp:quote -->\n\n<!-- wp:paragraph -->\n<p>En tant que nouvel utilisateur ou utilisatrice de WordPress, vous devriez vous rendre sur <a href=\"https:\/\/www.some-home.fr\/wp-admin\/\">votre tableau de bord<\/a> pour supprimer cette page et cr\u00e9er de nouvelles pages pour votre contenu. Amusez-vous bien&nbsp;!<\/p>\n<!-- \/wp:paragraph -->","_et_gb_content_width":"","footnotes":""},"class_list":["post-2","page","type-page","status-publish","hentry"],"_links":{"self":[{"href":"https:\/\/www.some-home.fr\/index.php\/wp-json\/wp\/v2\/pages\/2","targetHints":{"allow":["GET"]}}],"collection":[{"href":"https:\/\/www.some-home.fr\/index.php\/wp-json\/wp\/v2\/pages"}],"about":[{"href":"https:\/\/www.some-home.fr\/index.php\/wp-json\/wp\/v2\/types\/page"}],"author":[{"embeddable":true,"href":"https:\/\/www.some-home.fr\/index.php\/wp-json\/wp\/v2\/users\/1"}],"replies":[{"embeddable":true,"href":"https:\/\/www.some-home.fr\/index.php\/wp-json\/wp\/v2\/comments?post=2"}],"version-history":[{"count":27,"href":"https:\/\/www.some-home.fr\/index.php\/wp-json\/wp\/v2\/pages\/2\/revisions"}],"predecessor-version":[{"id":303,"href":"https:\/\/www.some-home.fr\/index.php\/wp-json\/wp\/v2\/pages\/2\/revisions\/303"}],"wp:attachment":[{"href":"https:\/\/www.some-home.fr\/index.php\/wp-json\/wp\/v2\/media?parent=2"}],"curies":[{"name":"wp","href":"https:\/\/api.w.org\/{rel}","templated":true}]}}